{"id":28,"date":"2021-01-28T08:06:38","date_gmt":"2021-01-28T07:06:38","guid":{"rendered":"http:\/\/eshop.paulowniamoravia.cz\/?post_type=product&#038;p=28"},"modified":"2023-02-26T12:45:04","modified_gmt":"2023-02-26T11:45:04","slug":"paulownia-elongata","status":"publish","type":"product","link":"http:\/\/eshop.paulowniamoravia.cz\/sk\/produkt\/paulownia-elongata\/","title":{"rendered":"Paulownia Elongata"},"content":{"rendered":"<p>Min.po\u010det zas\u00edlan\u00fdch sazenic je 8 ks (mo\u017en\u00e1 kombinace r\u016fzn\u00fdch druh\u016f).<\/p>\n<p>DOSTUPN\u00c9 OD 18.05.2023<\/p>\n<p>Sazenice je nutno p\u0159ed v\u00fdsadbou aklimatizovat a to min 10 dn\u016f v polost\u00ednu.<\/p>\n<p>Velikost sazenic 15 a\u017e 25 cm<\/p>\n<p>P\u0159i odb\u011bru nad 200 ks n\u00e1s kontaktujte pro mno\u017estevn\u00ed slevu.<\/p>\n<p>.je v\u00fdjime\u010dn\u00e1 svoj\u00ed r\u016fstovou schopnost\u00ed.Jedn\u00e1 so o jeden z nejrychleji rostouc\u00edch strom\u016f v rodu Paulownia \u2013 za jeden rok dok\u00e1\u017ee vyr\u016fst a\u017e do v\u00fd\u0161ky 5 metr\u016f a vyprodukovat t\u00edm velk\u00e9 mno\u017estv\u00ed d\u0159eva.<\/p>","protected":false},"excerpt":{"rendered":"<p>Min.po\u010det zas\u00edlan\u00fdch sazenic je 8 ks (mo\u017en\u00e1 kombinace r\u016fzn\u00fdch druh\u016f). DOSTUPN\u00c9 OD 18.05.2023 Sazenice je nutno p\u0159ed v\u00fdsadbou aklimatizovat a to min 10 dn\u016f v polost\u00ednu. Velikost sazenic 15 a\u017e 25 cm P\u0159i odb\u011bru nad 200 ks n\u00e1s kontaktujte pro mno\u017estevn\u00ed slevu. .je v\u00fdjime\u010dn\u00e1 svoj\u00ed r\u016fstovou schopnost\u00ed.Jedn\u00e1 so o jeden z nejrychleji rostouc\u00edch strom\u016f v [&hellip;]<\/p>\n","protected":false},"featured_media":29,"template":"","meta":[],"product_brand":[],"product_cat":[16],"product_tag":[36,32,35,37,34,33,30,28],"class_list":{"0":"post-28","1":"product","2":"type-product","3":"status-publish","4":"has-post-thumbnail","6":"product_cat-sazenice","7":"product_tag-drevo","8":"product_tag-ekologie","9":"product_tag-kvetouci-stromy","10":"product_tag-obnovitelne-zdroje","11":"product_tag-okrasnestromy","12":"product_tag-paulownia","13":"product_tag-paulownie","14":"product_tag-rychlerostouci-stromy","16":"first","17":"instock","18":"taxable","19":"shipping-taxable","20":"purchasable","21":"product-type-simple"},"_links":{"self":[{"href":"http:\/\/eshop.paulowniamoravia.cz\/sk\/wp-json\/wp\/v2\/product\/28","targetHints":{"allow":["GET"]}}],"collection":[{"href":"http:\/\/eshop.paulowniamoravia.cz\/sk\/wp-json\/wp\/v2\/product"}],"about":[{"href":"http:\/\/eshop.paulowniamoravia.cz\/sk\/wp-json\/wp\/v2\/types\/product"}],"wp:featuredmedia":[{"embeddable":true,"href":"http:\/\/eshop.paulowniamoravia.cz\/sk\/wp-json\/wp\/v2\/media\/29"}],"wp:attachment":[{"href":"http:\/\/eshop.paulowniamoravia.cz\/sk\/wp-json\/wp\/v2\/media?parent=28"}],"wp:term":[{"taxonomy":"product_brand","embeddable":true,"href":"http:\/\/eshop.paulowniamoravia.cz\/sk\/wp-json\/wp\/v2\/product_brand?post=28"},{"taxonomy":"product_cat","embeddable":true,"href":"http:\/\/eshop.paulowniamoravia.cz\/sk\/wp-json\/wp\/v2\/product_cat?post=28"},{"taxonomy":"product_tag","embeddable":true,"href":"http:\/\/eshop.paulowniamoravia.cz\/sk\/wp-json\/wp\/v2\/product_tag?post=28"}],"curies":[{"name":"wp","href":"https:\/\/api.w.org\/{rel}","templated":true}]}}