{"id":67,"date":"2021-01-28T10:06:06","date_gmt":"2021-01-28T09:06:06","guid":{"rendered":"http:\/\/eshop.paulowniamoravia.cz\/?post_type=product&#038;p=67"},"modified":"2023-02-26T12:37:41","modified_gmt":"2023-02-26T11:37:41","slug":"paulownia-9501-10ks","status":"publish","type":"product","link":"http:\/\/eshop.paulowniamoravia.cz\/sk\/produkt\/paulownia-9501-10ks\/","title":{"rendered":"Paulownia 9501 10ks (Superhybrid)"},"content":{"rendered":"<p>Ko\u0159enov\u00e9 \u0159\u00edzky rodu Paulownia<\/p>\n<p>DOSTUPN\u00c9 OD 1.4.2023<\/p>\n<p>Mimo\u0159\u00e1dn\u00e1 produkce d\u0159eva v chladn\u00e9m klimatick\u00e9m p\u00e1smu,ov\u00e1ln\u00e1 koruna,siln\u00e9 bo\u010dn\u00ed v\u011btve..<\/p>\n<p>Podm\u00ednkou zd\u00e1rn\u00e9ho kl\u00ed\u010den\u00ed je krom\u011b dostatku sv\u011btla, vlhkosti i dostate\u010dn\u00e1 teplota ( 22 \u2013 29\u00b0C ).<\/p>\n<p>\u0158\u00edzky sad\u00edme jednotliv\u011b, doporu\u010dujeme substr\u00e1t s perlitem.<\/p>\n<p>Po asi\u00a0 t\u0159ech t\u00fddnech za\u010d\u00ednaj\u00ed \u0159\u00edzky bujn\u011b pu\u010det.<\/p>\n<p>K rychl\u00e9mu r\u016fstu mlad\u00fdch rostlin, je nezbytn\u00e9 dod\u00e1vat pr\u016fb\u011b\u017en\u011b dostatek \u017eivin.<\/p>\n<p>Jak postupovat :<\/p>\n<p>a ) sadbova\u010d napln\u00edme do dvou t\u0159etin kvalitn\u00edm substr\u00e1tem<\/p>\n<p>b ) substr\u00e1t\u00a0 zvlh\u010d\u00edme \u2013 podmokem<\/p>\n<p>c ) dosypeme sadbova\u010d substr\u00e1tem tak, aby byly \u0159\u00edzky zcela zakryty, ide\u00e1ln\u011b vrstvou o s\u00edle 1 a\u017e 2 cm<\/p>\n<p>d ) po celou dobu ra\u0161en\u00ed udr\u017eujeme substr\u00e1t vlhk\u00fd<\/p>\n<p>e )\u00a0 po vyra\u0161en\u00ed rostlinek zal\u00e9v\u00e1me pouze do podmisky.<\/p>\n<p>Celkov\u00e1 doba ra\u0161en\u00ed m\u016f\u017ee b\u00fdt i dva m\u011bs\u00edce, dle\u00a0doby jejich sb\u011bru. Po dal\u0161\u00edch \u010dty\u0159ech a\u017e p\u011bti t\u00fddnech je mo\u017en\u00e9 p\u0159esazovat rostlinky do v\u011bt\u0161\u00edch kontejner\u016f a nebo\u00a0 po postupn\u00e9m otu\u017eov\u00e1n\u00ed\u00a0na kone\u010dn\u00e9 stanovi\u0161t\u011b.<\/p>","protected":false},"excerpt":{"rendered":"<p>Ko\u0159enov\u00e9 \u0159\u00edzky rodu Paulownia DOSTUPN\u00c9 OD 1.4.2023 Mimo\u0159\u00e1dn\u00e1 produkce d\u0159eva v chladn\u00e9m klimatick\u00e9m p\u00e1smu,ov\u00e1ln\u00e1 koruna,siln\u00e9 bo\u010dn\u00ed v\u011btve.. Podm\u00ednkou zd\u00e1rn\u00e9ho kl\u00ed\u010den\u00ed je krom\u011b dostatku sv\u011btla, vlhkosti i dostate\u010dn\u00e1 teplota ( 22 \u2013 29\u00b0C ). \u0158\u00edzky sad\u00edme jednotliv\u011b, doporu\u010dujeme substr\u00e1t s perlitem. Po asi\u00a0 t\u0159ech t\u00fddnech za\u010d\u00ednaj\u00ed \u0159\u00edzky bujn\u011b pu\u010det. K rychl\u00e9mu r\u016fstu mlad\u00fdch rostlin, je nezbytn\u00e9 [&hellip;]<\/p>\n","protected":false},"featured_media":68,"template":"","meta":[],"product_brand":[],"product_cat":[18],"product_tag":[36,32,35,37,34,33,30,28],"class_list":{"0":"post-67","1":"product","2":"type-product","3":"status-publish","4":"has-post-thumbnail","6":"product_cat-korenove-rizky","7":"product_tag-drevo","8":"product_tag-ekologie","9":"product_tag-kvetouci-stromy","10":"product_tag-obnovitelne-zdroje","11":"product_tag-okrasnestromy","12":"product_tag-paulownia","13":"product_tag-paulownie","14":"product_tag-rychlerostouci-stromy","16":"first","17":"instock","18":"taxable","19":"shipping-taxable","20":"purchasable","21":"product-type-simple"},"_links":{"self":[{"href":"http:\/\/eshop.paulowniamoravia.cz\/sk\/wp-json\/wp\/v2\/product\/67","targetHints":{"allow":["GET"]}}],"collection":[{"href":"http:\/\/eshop.paulowniamoravia.cz\/sk\/wp-json\/wp\/v2\/product"}],"about":[{"href":"http:\/\/eshop.paulowniamoravia.cz\/sk\/wp-json\/wp\/v2\/types\/product"}],"wp:featuredmedia":[{"embeddable":true,"href":"http:\/\/eshop.paulowniamoravia.cz\/sk\/wp-json\/wp\/v2\/media\/68"}],"wp:attachment":[{"href":"http:\/\/eshop.paulowniamoravia.cz\/sk\/wp-json\/wp\/v2\/media?parent=67"}],"wp:term":[{"taxonomy":"product_brand","embeddable":true,"href":"http:\/\/eshop.paulowniamoravia.cz\/sk\/wp-json\/wp\/v2\/product_brand?post=67"},{"taxonomy":"product_cat","embeddable":true,"href":"http:\/\/eshop.paulowniamoravia.cz\/sk\/wp-json\/wp\/v2\/product_cat?post=67"},{"taxonomy":"product_tag","embeddable":true,"href":"http:\/\/eshop.paulowniamoravia.cz\/sk\/wp-json\/wp\/v2\/product_tag?post=67"}],"curies":[{"name":"wp","href":"https:\/\/api.w.org\/{rel}","templated":true}]}}