{"id":79,"date":"2021-01-28T10:16:39","date_gmt":"2021-01-28T09:16:39","guid":{"rendered":"http:\/\/eshop.paulowniamoravia.cz\/?post_type=product&#038;p=79"},"modified":"2025-03-10T15:05:28","modified_gmt":"2025-03-10T14:05:28","slug":"paulownia-shan-tong","status":"publish","type":"product","link":"http:\/\/eshop.paulowniamoravia.cz\/sk\/produkt\/paulownia-shan-tong\/","title":{"rendered":"Paulownia Shan tong"},"content":{"rendered":"<p>Obna\u017een\u00e1 ko\u0159enov\u00e1 sazenice, velmi rychl\u00fd r\u016fst.<\/p>\n<p>DOSTUPNOST OD 1.4.2025<\/p>\n<p>Je nov\u00e1 generace um\u011bl\u00e9ho k\u0159\u00ed\u017een\u00ed Fortunei a Tomentosa,11 let\u00fd v\u00fdzkum.Hod\u00ed se jak na biomasu( \u0161t\u011bpku, p\u0159\u00ed\u0159ez), tak na truhl\u00e1\u0159sk\u00e9 \u0159ezivo.Zaj\u00edmav\u00e1 odr\u016fda pro na\u0161e podm\u00ednky . Je rezistentn\u00ed a siln\u011b odoln\u00e1 v\u016f\u010di suchu a chladu..<\/p>","protected":false},"excerpt":{"rendered":"<p>Obna\u017een\u00e1 ko\u0159enov\u00e1 sazenice, velmi rychl\u00fd r\u016fst. DOSTUPNOST OD 1.4.2025 Je nov\u00e1 generace um\u011bl\u00e9ho k\u0159\u00ed\u017een\u00ed Fortunei a Tomentosa,11 let\u00fd v\u00fdzkum.Hod\u00ed se jak na biomasu( \u0161t\u011bpku, p\u0159\u00ed\u0159ez), tak na truhl\u00e1\u0159sk\u00e9 \u0159ezivo.Zaj\u00edmav\u00e1 odr\u016fda pro na\u0161e podm\u00ednky . Je rezistentn\u00ed a siln\u011b odoln\u00e1 v\u016f\u010di suchu a chladu..<\/p>","protected":false},"featured_media":80,"template":"","meta":[],"product_brand":[],"product_cat":[19],"product_tag":[36,32,35,37,34,33,30,28],"class_list":{"0":"post-79","1":"product","2":"type-product","3":"status-publish","4":"has-post-thumbnail","6":"product_cat-korenove-sazenice","7":"product_tag-drevo","8":"product_tag-ekologie","9":"product_tag-kvetouci-stromy","10":"product_tag-obnovitelne-zdroje","11":"product_tag-okrasnestromy","12":"product_tag-paulownia","13":"product_tag-paulownie","14":"product_tag-rychlerostouci-stromy","16":"first","17":"instock","18":"taxable","19":"shipping-taxable","20":"purchasable","21":"product-type-simple"},"_links":{"self":[{"href":"http:\/\/eshop.paulowniamoravia.cz\/sk\/wp-json\/wp\/v2\/product\/79","targetHints":{"allow":["GET"]}}],"collection":[{"href":"http:\/\/eshop.paulowniamoravia.cz\/sk\/wp-json\/wp\/v2\/product"}],"about":[{"href":"http:\/\/eshop.paulowniamoravia.cz\/sk\/wp-json\/wp\/v2\/types\/product"}],"wp:featuredmedia":[{"embeddable":true,"href":"http:\/\/eshop.paulowniamoravia.cz\/sk\/wp-json\/wp\/v2\/media\/80"}],"wp:attachment":[{"href":"http:\/\/eshop.paulowniamoravia.cz\/sk\/wp-json\/wp\/v2\/media?parent=79"}],"wp:term":[{"taxonomy":"product_brand","embeddable":true,"href":"http:\/\/eshop.paulowniamoravia.cz\/sk\/wp-json\/wp\/v2\/product_brand?post=79"},{"taxonomy":"product_cat","embeddable":true,"href":"http:\/\/eshop.paulowniamoravia.cz\/sk\/wp-json\/wp\/v2\/product_cat?post=79"},{"taxonomy":"product_tag","embeddable":true,"href":"http:\/\/eshop.paulowniamoravia.cz\/sk\/wp-json\/wp\/v2\/product_tag?post=79"}],"curies":[{"name":"wp","href":"https:\/\/api.w.org\/{rel}","templated":true}]}}