{"id":85,"date":"2021-01-28T10:19:29","date_gmt":"2021-01-28T09:19:29","guid":{"rendered":"http:\/\/eshop.paulowniamoravia.cz\/?post_type=product&#038;p=85"},"modified":"2023-02-26T12:03:02","modified_gmt":"2023-02-26T11:03:02","slug":"paulownia-elongata-2","status":"publish","type":"product","link":"http:\/\/eshop.paulowniamoravia.cz\/sk\/produkt\/paulownia-elongata-2\/","title":{"rendered":"Paulownia Elongata"},"content":{"rendered":"<p>Obna\u017een\u00e1 ko\u0159enov\u00e1 sazenice, velmi rychl\u00fd r\u016fst.<\/p>\n<p>Dostupn\u00e9 od 1.4.2023<\/p>\n<p>Je v\u00fdjime\u010dn\u00e1 svoj\u00ed r\u016fstovou schopnost\u00ed.Jedn\u00e1 so o jeden z nejrychleji rostouc\u00edch strom\u016f v rodu Paulownia \u2013 za jeden rok dok\u00e1\u017ee vyr\u016fst a\u017e do v\u00fd\u0161ky 5 metr\u016f a vyprodukovat t\u00edm velk\u00e9 mno\u017estv\u00ed d\u0159eva.<\/p>","protected":false},"excerpt":{"rendered":"<p>Obna\u017een\u00e1 ko\u0159enov\u00e1 sazenice, velmi rychl\u00fd r\u016fst. Dostupn\u00e9 od 1.4.2023 Je v\u00fdjime\u010dn\u00e1 svoj\u00ed r\u016fstovou schopnost\u00ed.Jedn\u00e1 so o jeden z nejrychleji rostouc\u00edch strom\u016f v rodu Paulownia \u2013 za jeden rok dok\u00e1\u017ee vyr\u016fst a\u017e do v\u00fd\u0161ky 5 metr\u016f a vyprodukovat t\u00edm velk\u00e9 mno\u017estv\u00ed d\u0159eva.<\/p>","protected":false},"featured_media":82,"template":"","meta":[],"product_brand":[],"product_cat":[19],"product_tag":[36,32,35,37,34,33,30,28],"class_list":{"0":"post-85","1":"product","2":"type-product","3":"status-publish","4":"has-post-thumbnail","6":"product_cat-korenove-sazenice","7":"product_tag-drevo","8":"product_tag-ekologie","9":"product_tag-kvetouci-stromy","10":"product_tag-obnovitelne-zdroje","11":"product_tag-okrasnestromy","12":"product_tag-paulownia","13":"product_tag-paulownie","14":"product_tag-rychlerostouci-stromy","16":"first","17":"instock","18":"taxable","19":"shipping-taxable","20":"purchasable","21":"product-type-simple"},"_links":{"self":[{"href":"http:\/\/eshop.paulowniamoravia.cz\/sk\/wp-json\/wp\/v2\/product\/85","targetHints":{"allow":["GET"]}}],"collection":[{"href":"http:\/\/eshop.paulowniamoravia.cz\/sk\/wp-json\/wp\/v2\/product"}],"about":[{"href":"http:\/\/eshop.paulowniamoravia.cz\/sk\/wp-json\/wp\/v2\/types\/product"}],"wp:featuredmedia":[{"embeddable":true,"href":"http:\/\/eshop.paulowniamoravia.cz\/sk\/wp-json\/wp\/v2\/media\/82"}],"wp:attachment":[{"href":"http:\/\/eshop.paulowniamoravia.cz\/sk\/wp-json\/wp\/v2\/media?parent=85"}],"wp:term":[{"taxonomy":"product_brand","embeddable":true,"href":"http:\/\/eshop.paulowniamoravia.cz\/sk\/wp-json\/wp\/v2\/product_brand?post=85"},{"taxonomy":"product_cat","embeddable":true,"href":"http:\/\/eshop.paulowniamoravia.cz\/sk\/wp-json\/wp\/v2\/product_cat?post=85"},{"taxonomy":"product_tag","embeddable":true,"href":"http:\/\/eshop.paulowniamoravia.cz\/sk\/wp-json\/wp\/v2\/product_tag?post=85"}],"curies":[{"name":"wp","href":"https:\/\/api.w.org\/{rel}","templated":true}]}}